{"id":39,"date":"2026-03-10T18:37:57","date_gmt":"2026-03-10T17:37:57","guid":{"rendered":"https:\/\/lapetitesauvageonne.fr\/?page_id=39"},"modified":"2026-04-07T08:07:48","modified_gmt":"2026-04-07T07:07:48","slug":"accueil-2","status":"publish","type":"page","link":"https:\/\/lapetitesauvageonne.fr\/","title":{"rendered":"Accueil"},"content":{"rendered":"<div class=\"et_pb_section_0 et_pb_section et_section_regular et_flex_section\">\n<div class=\"et_pb_row_0 et_pb_row et_flex_row\">\n<div class=\"et_pb_column_0 et_pb_column et-last-child et_flex_column et_pb_css_mix_blend_mode_passthrough et_flex_column_24_24 et_flex_column_24_24_tablet et_flex_column_24_24_phone\">\n<div class=\"et_pb_text_0 et_pb_text et_pb_bg_layout_light et_pb_module et_flex_module\"><div class=\"et_pb_text_inner\"><h1>Blog de D\u00e9coration Saisonni\u00e8re Originale<\/h1>\n<\/div><\/div>\n\n<div class=\"et_pb_text_1 et_pb_text et_pb_bg_layout_light et_pb_module et_flex_module\"><div class=\"et_pb_text_inner\"><h2>Par La Petite Sauvageonne<\/h2>\n<\/div><\/div>\n<\/div>\n<\/div>\n<\/div>\n\n<div class=\"et_pb_section_1 et_pb_section et_section_regular et_flex_section\">\n<div class=\"et_pb_row_1 et_pb_row et_flex_row\">\n<div class=\"et_pb_column_1 et_pb_column et-last-child et_flex_column et_pb_css_mix_blend_mode_passthrough et_flex_column_24_24 et_flex_column_24_24_tablet et_flex_column_24_24_phone\">\n<div class=\"et_pb_gallery_0 et_pb_gallery et_pb_bg_layout_light et_pb_slider et_pb_gallery_fullwidth clearfix et_pb_slider_no_pagination et_pb_module\" data-auto-rotate=\"off\" data-auto-rotate-speed=\"\"><div class=\"et_pb_gallery_items et_post_gallery clearfix\" data-per_page=\"4\"><div class=\"et_pb_gallery_item et_pb_gallery_item_0_0\"><div class=\"et_pb_gallery_image landscape\" data-per_page=\"4\"><a href=\"https:\/\/lapetitesauvageonne.fr\/wp-content\/uploads\/2026\/03\/1.jpg\" title=\"Halloween 1\"><img loading=\"lazy\" decoding=\"async\" width=\"1200\" height=\"800\" src=\"https:\/\/lapetitesauvageonne.fr\/wp-content\/uploads\/2026\/03\/1.jpg\" alt=\"\" class=\"wp-image-63\" srcset=\"https:\/\/lapetitesauvageonne.fr\/wp-content\/uploads\/2026\/03\/1.jpg 1200w, https:\/\/lapetitesauvageonne.fr\/wp-content\/uploads\/2026\/03\/1-980x653.jpg 980w, https:\/\/lapetitesauvageonne.fr\/wp-content\/uploads\/2026\/03\/1-480x320.jpg 480w\" sizes=\"(min-width: 0px) and (max-width: 480px) 480px, (min-width: 481px) and (max-width: 980px) 980px, (min-width: 981px) 1200px, 100vw\" \/><span class=\"et_overlay\" data-icon=\"\" data-icon-tablet=\"\" data-icon-phone=\"\"><\/span><\/a><\/div><\/div><div class=\"et_pb_gallery_item et_pb_gallery_item_0_1\"><div class=\"et_pb_gallery_image landscape\" data-per_page=\"4\"><a href=\"https:\/\/lapetitesauvageonne.fr\/wp-content\/uploads\/2026\/03\/16.jpg\" title=\"Noel 4\"><img loading=\"lazy\" decoding=\"async\" width=\"1200\" height=\"800\" src=\"https:\/\/lapetitesauvageonne.fr\/wp-content\/uploads\/2026\/03\/16.jpg\" alt=\"\" class=\"wp-image-107\" srcset=\"https:\/\/lapetitesauvageonne.fr\/wp-content\/uploads\/2026\/03\/16.jpg 1200w, https:\/\/lapetitesauvageonne.fr\/wp-content\/uploads\/2026\/03\/16-980x653.jpg 980w, https:\/\/lapetitesauvageonne.fr\/wp-content\/uploads\/2026\/03\/16-480x320.jpg 480w\" sizes=\"(min-width: 0px) and (max-width: 480px) 480px, (min-width: 481px) and (max-width: 980px) 980px, (min-width: 981px) 1200px, 100vw\" \/><span class=\"et_overlay\" data-icon=\"\" data-icon-tablet=\"\" data-icon-phone=\"\"><\/span><\/a><\/div><\/div><div class=\"et_pb_gallery_item et_pb_gallery_item_0_2\"><div class=\"et_pb_gallery_image landscape\" data-per_page=\"4\"><a href=\"https:\/\/lapetitesauvageonne.fr\/wp-content\/uploads\/2026\/03\/15BD.jpg\" title=\"Hiver 15BD\"><img loading=\"lazy\" decoding=\"async\" width=\"1200\" height=\"800\" src=\"https:\/\/lapetitesauvageonne.fr\/wp-content\/uploads\/2026\/03\/15BD.jpg\" alt=\"\" class=\"wp-image-85\" srcset=\"https:\/\/lapetitesauvageonne.fr\/wp-content\/uploads\/2026\/03\/15BD.jpg 1200w, https:\/\/lapetitesauvageonne.fr\/wp-content\/uploads\/2026\/03\/15BD-980x653.jpg 980w, https:\/\/lapetitesauvageonne.fr\/wp-content\/uploads\/2026\/03\/15BD-480x320.jpg 480w\" sizes=\"(min-width: 0px) and (max-width: 480px) 480px, (min-width: 481px) and (max-width: 980px) 980px, (min-width: 981px) 1200px, 100vw\" \/><span class=\"et_overlay\" data-icon=\"\" data-icon-tablet=\"\" data-icon-phone=\"\"><\/span><\/a><\/div><\/div><\/div><\/div>\n<\/div>\n<\/div>\n<\/div>\n\n<div class=\"et_pb_section_2 et_pb_section et_section_regular et_flex_section\">\n<div class=\"et_pb_row_2 et_pb_row et_flex_row\">\n<div class=\"et_pb_column_2 et_pb_column et-last-child et_flex_column et_pb_css_mix_blend_mode_passthrough et_flex_column_24_24 et_flex_column_24_24_tablet et_flex_column_24_24_phone\">\n<div class=\"et_pb_text_2 et_pb_text et_pb_bg_layout_light et_pb_module et_flex_module\"><div class=\"et_pb_text_inner\"><p>La Petite Sauvageonne<\/p>\n<\/div><\/div>\n\n<div class=\"et_pb_text_3 et_pb_text et_pb_bg_layout_light et_pb_module et_flex_module\"><div class=\"et_pb_text_inner\"><p>J\u2019exerce un m\u00e9tier ultra-stressant, o\u00f9 je c\u00f4toie tous les jours les plus les plus noirs recoins de l\u2019\u00e2me humaine. Pour ne pas sombrer, j\u2019\u00e9prouve un besoin vital de cr\u00e9er, de mettre un peu de beau, de po\u00e9sie dans ma vie et dans ma maison. Comme un antidote \u00e0 la folie du monde.<\/p>\n<p>Passionn\u00e9e de d\u00e9coration saisonni\u00e8re, je cr\u00e9e entre autres des d\u00e9cors ludiques pour marquer chaque \u00e9tape importante de l\u2019ann\u00e9e.<\/p>\n<p>Loin d\u2019\u00eatre un passe-temps superficiel, donner libre cours \u00e0 mon imagination, et construire des sc\u00e8nes po\u00e9tiques me recharge en \u00e9nergie positive<strong>. Renouer ainsi avec une joie pure d\u2019enfant, me nourrit en profondeur et irrigue tous les aspects de ma vie.<\/strong> Cela me rend plus forte, plus pr\u00e9sente \u00e0 moi-m\u00eame et aux autres.<\/p>\n<p>Mettre un peu de r\u00eave et de magie dans le quotidien de ma petite tribu, par le biais d\u2019une d\u00e9coration saisonni\u00e8re originale et tr\u00e8s personnelle, est devenu pour moi un v\u00e9ritable art de vivre. Pour notre plus grand plaisir \u00e0 tous.<\/p>\n<p>R\u00e9cemment, une petite f\u00e9e du destin m\u2019a sugg\u00e9r\u00e9 de partager ces cr\u00e9ations, avec le plus grand nombre, afin d\u2019inspirer celles et ceux qui voudraient mettre \u00e0 leur tour, un peu de r\u00eave dans leur vie quotidienne. Partager avec vous mes cr\u00e9ations est devenu une \u00e9vidence.<\/p>\n<p>Vous ne verrez pas mon visage. Jamais. Je pr\u00e9f\u00e8re l\u2019ombre. Mais vous verrez le plus important, mes mondes int\u00e9rieurs, et peut-\u00eatre m\u00eame un peu de mon \u00e2me, qui sait?<\/p>\n<p>Venez plonger dans mes doux d\u00e9lires, immortalis\u00e9s par ma complice Jessy.<\/p>\n<p>D\u00e9tendez-vous, r\u00eavez avec moi et puisez \u00e0 loisir de l\u2019inspiration, pour ajouter une touche suppl\u00e9mentaire de beau dans votre vie. Ce n\u2019est pas si compliqu\u00e9, je vous montrerai.<\/p>\n<p>Vous ne verrez pas mon visage. Jamais. Je pr\u00e9f\u00e8re l\u2019ombre. Mais vous toucherez du doigt l\u2019essentiel, mes mondes int\u00e9rieurs. Je vous emm\u00e8ne\u00a0:<\/p>\n<\/div><\/div>\n<\/div>\n<\/div>\n<\/div>\n\n<div class=\"et_pb_section_3 et_pb_section et_section_regular et_flex_section\">\n<div class=\"et_pb_row_3 et_pb_row et_flex_row\">\n<div class=\"et_pb_column_3 et_pb_column et_flex_column et_pb_css_mix_blend_mode_passthrough et_flex_column_2_5 et_flex_column_2_5_tablet et_flex_column_24_24_phone\">\n<div class=\"et_pb_image_0 et_pb_image et_pb_module et_flex_module\"><a href=\"https:\/\/lapetitesauvageonne.fr\/wp-content\/uploads\/2026\/03\/10-1.jpg\" class=\"et_pb_lightbox_image\"><span class=\"et_pb_image_wrap\"><img loading=\"lazy\" decoding=\"async\" src=\"https:\/\/lapetitesauvageonne.fr\/wp-content\/uploads\/2026\/03\/10-1.jpg\" title=\"Paques 10\" width=\"800\" height=\"1200\" srcset=\"https:\/\/lapetitesauvageonne.fr\/wp-content\/uploads\/2026\/03\/10-1.jpg 800w, https:\/\/lapetitesauvageonne.fr\/wp-content\/uploads\/2026\/03\/10-1-480x720.jpg 480w\" sizes=\"(min-width: 0px) and (max-width: 480px) 480px, (min-width: 481px) 800px, 100vw\" class=\"wp-image-173\" \/><\/span><\/a><\/div>\n<\/div>\n\n<div class=\"et_pb_column_4 et_pb_column et-last-child et_flex_column et_pb_css_mix_blend_mode_passthrough et_flex_column_3_5 et_flex_column_3_5_tablet et_flex_column_24_24_phone\">\n<div class=\"et_pb_icon_0 et_pb_icon et_pb_module et_flex_module\"><span class=\"et_pb_icon_wrap\"><span class=\"et-pb-icon\">\uf186<\/span><\/span><\/div>\n\n<div class=\"et_pb_text_4 et_pb_text et_pb_bg_layout_light et_pb_module et_flex_module\"><div class=\"et_pb_text_inner\"><h2>D\u00e9coration par saison<\/h2>\n<\/div><\/div>\n\n<div class=\"et_pb_divider_0 et_pb_divider et_pb_space et_pb_divider_position_top et_pb_module\"><div class=\"et_pb_divider_internal\"><\/div><\/div>\n\n<div class=\"et_pb_text_5 et_pb_text et_pb_bg_layout_dark et_pb_module et_flex_module\"><div class=\"et_pb_text_inner\"><p>&nbsp;<\/p>\n<p style=\"text-align: center;\">D\u00e9coration Halloween ultra chic<\/p>\n<p style=\"text-align: center;\">D\u00e9coration Noel anglais<\/p>\n<p style=\"text-align: center;\">D\u00e9coration Hiver po\u00e9tique<\/p>\n<p style=\"text-align: center;\">D\u00e9coration P\u00e2ques en foret<\/p>\n<p style=\"text-align: center;\">D\u00e9coration Mon Joli printemps<\/p>\n<\/div><\/div>\n<\/div>\n<\/div>\n<\/div>\n\n<div class=\"et_pb_section_4 et_pb_section et_section_regular et_flex_section\">\n<div class=\"et_pb_row_4 et_pb_row et_flex_row\">\n<div class=\"et_pb_column_5 et_pb_column et_flex_column et_pb_css_mix_blend_mode_passthrough et_flex_column_12_24 et_flex_column_12_24_tablet et_flex_column_24_24_phone\">\n<div class=\"et_pb_cta_0 et_pb_promo et_pb_bg_layout_dark et_clickable et_pb_module et_flex_module\"><div class=\"et_pb_promo_description\"><h2 class=\"et_pb_module_header\">D\u00e9coration Halloween<\/h2><\/div><div class=\"et_pb_button_wrapper\"><a class=\"et_pb_button et_pb_promo_button\" href=\"https:\/\/lapetitesauvageonne.fr\/index.php\/halloween-chic\/\">Lire la suite<\/a><\/div><\/div>\n<\/div>\n\n<div class=\"et_pb_column_6 et_pb_column et_flex_column et_pb_css_mix_blend_mode_passthrough et_flex_column_12_24 et_flex_column_12_24_tablet et_flex_column_24_24_phone\">\n<div class=\"et_pb_cta_1 et_pb_promo et_pb_bg_layout_dark et_clickable et_pb_module et_flex_module\"><div class=\"et_pb_promo_description\"><h2 class=\"et_pb_module_header\">D\u00e9coration Noel<\/h2><\/div><div class=\"et_pb_button_wrapper\"><a class=\"et_pb_button et_pb_promo_button\" href=\"https:\/\/lapetitesauvageonne.fr\/index.php\/halloween-chic\/\">Lire la suite<\/a><\/div><\/div>\n<\/div>\n\n<div class=\"et_pb_column_7 et_pb_column et_flex_column et_pb_css_mix_blend_mode_passthrough et_flex_column_12_24 et_flex_column_12_24_tablet et_flex_column_24_24_phone\">\n<div class=\"et_pb_cta_2 et_pb_promo et_pb_bg_layout_dark et_clickable et_pb_module et_flex_module\"><div class=\"et_pb_promo_description\"><h2 class=\"et_pb_module_header\">D\u00e9coration Hiver <\/h2><\/div><div class=\"et_pb_button_wrapper\"><a class=\"et_pb_button et_pb_promo_button\" href=\"https:\/\/lapetitesauvageonne.fr\/index.php\/halloween-chic\/\">Lire la suite<\/a><\/div><\/div>\n<\/div>\n\n<div class=\"et_pb_column_8 et_pb_column et-last-child et_flex_column et_pb_css_mix_blend_mode_passthrough et_flex_column_12_24 et_flex_column_12_24_tablet et_flex_column_24_24_phone\">\n<div class=\"et_pb_cta_3 et_pb_promo et_pb_bg_layout_dark et_clickable et_pb_module et_flex_module\"><div class=\"et_pb_promo_description\"><h2 class=\"et_pb_module_header\">D\u00e9coration Paques<\/h2><\/div><div class=\"et_pb_button_wrapper\"><a class=\"et_pb_button et_pb_promo_button\" href=\"https:\/\/lapetitesauvageonne.fr\/\">Lire la suite<\/a><\/div><\/div>\n<\/div>\n<\/div>\n<\/div>\n\n<div class=\"et_pb_section_5 et_pb_section et_section_regular et_flex_section\">\n<div class=\"et_pb_row_5 et_pb_row et_flex_row\">\n<div class=\"et_pb_column_9 et_pb_column et-last-child et_flex_column et_pb_css_mix_blend_mode_passthrough et_flex_column_24_24 et_flex_column_24_24_tablet et_flex_column_24_24_phone\">\n<div class=\"et_pb_cta_4 et_pb_promo et_pb_bg_layout_light et_pb_module et_flex_module\"><div class=\"et_pb_promo_description\"><h2 class=\"et_pb_module_header\">D\u00e9coration saisonni\u00e8re : Par o\u00f9 commencer ?<\/h2><div class=\"et_pb_promo_content\"><p>Si vous avez envie de vous lancer dans la d\u00e9co saisonni\u00e8re, mais que vous ne savez pas par o\u00f9 commencer, je vous ai concoct\u00e9 un petit guide de d\u00e9marrage.<\/p>\n<p>Avertissement important\u00a0: risque de devenir addict\u00a0!<\/p>\n<\/div><\/div><\/div>\n\n<div class=\"et_pb_module et_pb_button_module_wrapper et_pb_button_0_wrapper\"><a class=\"et_pb_button_0 et_pb_button et_pb_bg_layout_light et_pb_module et_flex_module\" href=\"https:\/\/lapetitesauvageonne.fr\/index.php\/decoration-saisonniere-par-ou-commencer\/\">D\u00e9coration saisonni\u00e8re par o\u00f9 commencer<\/a><\/div>\n<\/div>\n<\/div>\n<\/div>\n\n<div class=\"et_pb_section_6 et_pb_section et_section_regular et_flex_section\">\n<div class=\"et_pb_row_6 et_pb_row et_flex_row\">\n<div class=\"et_pb_column_10 et_pb_column et-last-child et_flex_column et_pb_css_mix_blend_mode_passthrough et_flex_column_24_24 et_flex_column_24_24_tablet et_flex_column_24_24_phone\">\n<div class=\"et_pb_text_6 et_pb_text et_pb_bg_layout_light et_pb_module et_flex_module\"><div class=\"et_pb_text_inner\"><h3>Instagram<\/h3>\n<\/div><\/div>\n<\/div>\n<\/div>\n\n<div class=\"et_pb_row_7 et_pb_row et_flex_row\">\n<div class=\"et_pb_column_11 et_pb_column et_flex_column et_pb_css_mix_blend_mode_passthrough et_flex_column_6_24 et_flex_column_12_24_tablet et_flex_column_24_24_phone\">\n<div class=\"et_pb_image_1 et_pb_image et_pb_module et_flex_module\"><span class=\"et_pb_image_wrap\"><img loading=\"lazy\" decoding=\"async\" src=\"https:\/\/lapetitesauvageonne.fr\/wp-content\/uploads\/2026\/03\/2-1.jpg\" title=\"paques 2\" width=\"1200\" height=\"800\" srcset=\"https:\/\/lapetitesauvageonne.fr\/wp-content\/uploads\/2026\/03\/2-1.jpg 1200w, https:\/\/lapetitesauvageonne.fr\/wp-content\/uploads\/2026\/03\/2-1-980x653.jpg 980w, https:\/\/lapetitesauvageonne.fr\/wp-content\/uploads\/2026\/03\/2-1-480x320.jpg 480w\" sizes=\"(min-width: 0px) and (max-width: 480px) 480px, (min-width: 481px) and (max-width: 980px) 980px, (min-width: 981px) 1200px, 100vw\" class=\"wp-image-179\" \/><\/span><\/div>\n<\/div>\n\n<div class=\"et_pb_column_12 et_pb_column et_flex_column et_pb_css_mix_blend_mode_passthrough et_flex_column_6_24 et_flex_column_12_24_tablet et_flex_column_24_24_phone\">\n<div class=\"et_pb_image_2 et_pb_image et_pb_module et_flex_module\"><span class=\"et_pb_image_wrap\"><img loading=\"lazy\" decoding=\"async\" src=\"https:\/\/lapetitesauvageonne.fr\/wp-content\/uploads\/2026\/03\/5-1.jpg\" title=\"paques 5\" width=\"1200\" height=\"800\" srcset=\"https:\/\/lapetitesauvageonne.fr\/wp-content\/uploads\/2026\/03\/5-1.jpg 1200w, https:\/\/lapetitesauvageonne.fr\/wp-content\/uploads\/2026\/03\/5-1-980x653.jpg 980w, https:\/\/lapetitesauvageonne.fr\/wp-content\/uploads\/2026\/03\/5-1-480x320.jpg 480w\" sizes=\"(min-width: 0px) and (max-width: 480px) 480px, (min-width: 481px) and (max-width: 980px) 980px, (min-width: 981px) 1200px, 100vw\" class=\"wp-image-178\" \/><\/span><\/div>\n<\/div>\n\n<div class=\"et_pb_column_13 et_pb_column et_flex_column et_pb_css_mix_blend_mode_passthrough et_flex_column_6_24 et_flex_column_12_24_tablet et_flex_column_24_24_phone\">\n<div class=\"et_pb_image_3 et_pb_image et_pb_module et_flex_module\"><span class=\"et_pb_image_wrap\"><img loading=\"lazy\" decoding=\"async\" src=\"https:\/\/lapetitesauvageonne.fr\/wp-content\/uploads\/2026\/03\/15BD.jpg\" title=\"Hiver 15BD\" width=\"1200\" height=\"800\" srcset=\"https:\/\/lapetitesauvageonne.fr\/wp-content\/uploads\/2026\/03\/15BD.jpg 1200w, https:\/\/lapetitesauvageonne.fr\/wp-content\/uploads\/2026\/03\/15BD-980x653.jpg 980w, https:\/\/lapetitesauvageonne.fr\/wp-content\/uploads\/2026\/03\/15BD-480x320.jpg 480w\" sizes=\"(min-width: 0px) and (max-width: 480px) 480px, (min-width: 481px) and (max-width: 980px) 980px, (min-width: 981px) 1200px, 100vw\" class=\"wp-image-85\" \/><\/span><\/div>\n<\/div>\n\n<div class=\"et_pb_column_14 et_pb_column et-last-child et_flex_column et_pb_css_mix_blend_mode_passthrough et_flex_column_6_24 et_flex_column_12_24_tablet et_flex_column_24_24_phone\">\n<div class=\"et_pb_image_4 et_pb_image et_pb_module et_flex_module\"><span class=\"et_pb_image_wrap\"><img loading=\"lazy\" decoding=\"async\" src=\"https:\/\/lapetitesauvageonne.fr\/wp-content\/uploads\/2026\/03\/19BD.jpg\" title=\"Hiver 19BD\" width=\"1200\" height=\"800\" srcset=\"https:\/\/lapetitesauvageonne.fr\/wp-content\/uploads\/2026\/03\/19BD.jpg 1200w, https:\/\/lapetitesauvageonne.fr\/wp-content\/uploads\/2026\/03\/19BD-980x653.jpg 980w, https:\/\/lapetitesauvageonne.fr\/wp-content\/uploads\/2026\/03\/19BD-480x320.jpg 480w\" sizes=\"(min-width: 0px) and (max-width: 480px) 480px, (min-width: 481px) and (max-width: 980px) 980px, (min-width: 981px) 1200px, 100vw\" class=\"wp-image-89\" \/><\/span><\/div>\n<\/div>\n<\/div>\n\n<div class=\"et_pb_row_8 et_pb_row et_flex_row\">\n<div class=\"et_pb_column_15 et_pb_column et_flex_column et_pb_css_mix_blend_mode_passthrough et_flex_column_6_24 et_flex_column_12_24_tablet et_flex_column_24_24_phone\">\n<div class=\"et_pb_image_5 et_pb_image et_pb_module et_flex_module\"><span class=\"et_pb_image_wrap\"><img loading=\"lazy\" decoding=\"async\" src=\"https:\/\/lapetitesauvageonne.fr\/wp-content\/uploads\/2026\/03\/16.jpg\" title=\"Noel 4\" width=\"1200\" height=\"800\" srcset=\"https:\/\/lapetitesauvageonne.fr\/wp-content\/uploads\/2026\/03\/16.jpg 1200w, https:\/\/lapetitesauvageonne.fr\/wp-content\/uploads\/2026\/03\/16-980x653.jpg 980w, https:\/\/lapetitesauvageonne.fr\/wp-content\/uploads\/2026\/03\/16-480x320.jpg 480w\" sizes=\"(min-width: 0px) and (max-width: 480px) 480px, (min-width: 481px) and (max-width: 980px) 980px, (min-width: 981px) 1200px, 100vw\" class=\"wp-image-107\" \/><\/span><\/div>\n<\/div>\n\n<div class=\"et_pb_column_16 et_pb_column et_flex_column et_pb_css_mix_blend_mode_passthrough et_flex_column_6_24 et_flex_column_12_24_tablet et_flex_column_24_24_phone\">\n<div class=\"et_pb_image_6 et_pb_image et_pb_module et_flex_module\"><span class=\"et_pb_image_wrap\"><img loading=\"lazy\" decoding=\"async\" src=\"https:\/\/lapetitesauvageonne.fr\/wp-content\/uploads\/2026\/03\/20.jpg\" title=\"Noel 18\" width=\"1200\" height=\"806\" srcset=\"https:\/\/lapetitesauvageonne.fr\/wp-content\/uploads\/2026\/03\/20.jpg 1200w, https:\/\/lapetitesauvageonne.fr\/wp-content\/uploads\/2026\/03\/20-980x658.jpg 980w, https:\/\/lapetitesauvageonne.fr\/wp-content\/uploads\/2026\/03\/20-480x322.jpg 480w\" sizes=\"(min-width: 0px) and (max-width: 480px) 480px, (min-width: 481px) and (max-width: 980px) 980px, (min-width: 981px) 1200px, 100vw\" class=\"wp-image-111\" \/><\/span><\/div>\n<\/div>\n\n<div class=\"et_pb_column_17 et_pb_column et_flex_column et_pb_css_mix_blend_mode_passthrough et_flex_column_6_24 et_flex_column_12_24_tablet et_flex_column_24_24_phone\">\n<div class=\"et_pb_image_7 et_pb_image et_pb_module et_flex_module\"><span class=\"et_pb_image_wrap\"><img loading=\"lazy\" decoding=\"async\" src=\"https:\/\/lapetitesauvageonne.fr\/wp-content\/uploads\/2026\/03\/5.jpg\" title=\"Halloween 5\" width=\"1200\" height=\"800\" srcset=\"https:\/\/lapetitesauvageonne.fr\/wp-content\/uploads\/2026\/03\/5.jpg 1200w, https:\/\/lapetitesauvageonne.fr\/wp-content\/uploads\/2026\/03\/5-980x653.jpg 980w, https:\/\/lapetitesauvageonne.fr\/wp-content\/uploads\/2026\/03\/5-480x320.jpg 480w\" sizes=\"(min-width: 0px) and (max-width: 480px) 480px, (min-width: 481px) and (max-width: 980px) 980px, (min-width: 981px) 1200px, 100vw\" class=\"wp-image-67\" \/><\/span><\/div>\n<\/div>\n\n<div class=\"et_pb_column_18 et_pb_column et-last-child et_flex_column et_pb_css_mix_blend_mode_passthrough et_flex_column_6_24 et_flex_column_12_24_tablet et_flex_column_24_24_phone\">\n<div class=\"et_pb_image_8 et_pb_image et_pb_module et_flex_module\"><span class=\"et_pb_image_wrap\"><img loading=\"lazy\" decoding=\"async\" src=\"https:\/\/lapetitesauvageonne.fr\/wp-content\/uploads\/2026\/03\/7.jpg\" title=\"Halloween 7\" width=\"1200\" height=\"800\" srcset=\"https:\/\/lapetitesauvageonne.fr\/wp-content\/uploads\/2026\/03\/7.jpg 1200w, https:\/\/lapetitesauvageonne.fr\/wp-content\/uploads\/2026\/03\/7-980x653.jpg 980w, https:\/\/lapetitesauvageonne.fr\/wp-content\/uploads\/2026\/03\/7-480x320.jpg 480w\" sizes=\"(min-width: 0px) and (max-width: 480px) 480px, (min-width: 481px) and (max-width: 980px) 980px, (min-width: 981px) 1200px, 100vw\" class=\"wp-image-69\" \/><\/span><\/div>\n<\/div>\n<\/div>\n<\/div>","protected":false},"excerpt":{"rendered":"","protected":false},"author":1,"featured_media":0,"parent":0,"menu_order":0,"comment_status":"closed","ping_status":"closed","template":"","meta":{"footnotes":""},"class_list":["post-39","page","type-page","status-publish","hentry"],"_links":{"self":[{"href":"https:\/\/lapetitesauvageonne.fr\/index.php\/wp-json\/wp\/v2\/pages\/39","targetHints":{"allow":["GET"]}}],"collection":[{"href":"https:\/\/lapetitesauvageonne.fr\/index.php\/wp-json\/wp\/v2\/pages"}],"about":[{"href":"https:\/\/lapetitesauvageonne.fr\/index.php\/wp-json\/wp\/v2\/types\/page"}],"author":[{"embeddable":true,"href":"https:\/\/lapetitesauvageonne.fr\/index.php\/wp-json\/wp\/v2\/users\/1"}],"replies":[{"embeddable":true,"href":"https:\/\/lapetitesauvageonne.fr\/index.php\/wp-json\/wp\/v2\/comments?post=39"}],"version-history":[{"count":32,"href":"https:\/\/lapetitesauvageonne.fr\/index.php\/wp-json\/wp\/v2\/pages\/39\/revisions"}],"predecessor-version":[{"id":278,"href":"https:\/\/lapetitesauvageonne.fr\/index.php\/wp-json\/wp\/v2\/pages\/39\/revisions\/278"}],"wp:attachment":[{"href":"https:\/\/lapetitesauvageonne.fr\/index.php\/wp-json\/wp\/v2\/media?parent=39"}],"curies":[{"name":"wp","href":"https:\/\/api.w.org\/{rel}","templated":true}]}}