{"id":46,"date":"2026-03-10T18:46:16","date_gmt":"2026-03-10T17:46:16","guid":{"rendered":"https:\/\/lapetitesauvageonne.fr\/?page_id=46"},"modified":"2026-03-19T09:09:59","modified_gmt":"2026-03-19T08:09:59","slug":"decoration-saisonniere-par-ou-commencer","status":"publish","type":"page","link":"https:\/\/lapetitesauvageonne.fr\/index.php\/decoration-saisonniere-par-ou-commencer\/","title":{"rendered":"D\u00e9coration saisonni\u00e8re\u00a0: Par o\u00f9 commencer\u00a0?"},"content":{"rendered":"<div class=\"et_pb_section_0 et_pb_section et_section_regular et_flex_section\">\n<div class=\"et_pb_row_0 et_pb_row et_flex_row\">\n<div class=\"et_pb_column_0 et_pb_column et-last-child et_flex_column et_pb_css_mix_blend_mode_passthrough et_flex_column_24_24 et_flex_column_24_24_tablet et_flex_column_24_24_phone\">\n<div class=\"et_pb_text_0 et_pb_text et_pb_bg_layout_light et_pb_module et_flex_module\"><div class=\"et_pb_text_inner\"><p>Vous avez envie de vous lancer, mais vous ne savez pas vraiment par o\u00f9 commencer\u00a0?<\/p>\n<p>Pas de panique, je vous ai concoct\u00e9 un petit guide de survie, dans la jungle de la soci\u00e9t\u00e9 de consommation\u00a0:<\/p>\n<h3>DEFINIR L\u2019ESPACE DE STOCKAGE DONT VOUS DISPOSEZ :<\/h3>\n<p>Cela peut para\u00eetre un peu \u00e9trange, mais la premi\u00e8re chose \u00e0 envisager lorsque l\u2019on souhaite se lancer dans la d\u00e9coration saisonni\u00e8re, est de r\u00e9fl\u00e9chir \u00e0 son espace de stockage.<\/p>\n<p>En effet, qui dit d\u00e9coration saisonni\u00e8re dit \u00e9ph\u00e9m\u00e8re. Pour \u00e9viter de se laisser d\u00e9border par un trop grand nombre d\u2019objet, anticipez d\u00e8s le d\u00e9part le stockage \u00e0 venir.<\/p>\n<ul>\n<li><strong>Vivez-vous dans une maison\u00a0?\u00a0:<\/strong> Si vous avez de la place dans un grenier ou un sous-sol, vous n\u2019aurez pas trop \u00e0 vous prendre la t\u00eate pour le stockage. Pensez cependant \u00e0 ranger les pi\u00e8ces fragiles ou en en tissus dans des caisses en plastique \u00e9tanches \u00e0 l\u2019humidit\u00e9, pour \u00e9viter les moisissures.<\/li>\n<li><strong>Vous vivez en appartement\u00a0? <\/strong>vous aurez forc\u00e9ment moins de place de stockage et il faudra la jouer fine. Mais pas de panique, il suffit d\u2019\u00eatre malin et <strong>d\u2019investir dans de bons basics<\/strong> qui vous serviront de support permanent dans votre int\u00e9rieur pour accueillir au fils des saisons, toutes vos cr\u00e9ations.<\/li>\n<\/ul>\n<p>Pour les personnalisations saisonni\u00e8res il faudra s\u2019astreindre \u00eatre tr\u00e8s s\u00e9lectif et \u00e0 r\u00e9fl\u00e9chir au stockage avant chaque achat.<\/p>\n<p>\u00a0<\/p>\n<h3>INVESTIR DANS DE BEAUX BASICS INTEMPORELS\u00a0:<\/h3>\n<p>Que vous ayez beaucoup d\u2019espace de stockage ou une petite surface d\u00e9di\u00e9e, mon principal mantra est de choisir de magnifiques basics, que vous pourrez d\u00e9corer \u00e0 l\u2019infini en fonction des saisons\u00a0:<\/p>\n<ul>\n<li><strong>De grandes pi\u00e8ces permanentes pour un effet wahou<\/strong> : un grand globe de mari\u00e9e, une magnifique lanterne, \u00a0une belle cage \u00e0 oiseau ancienne, une structure de couronne en bois ou en m\u00e9tal, un beau vase ou un cache pot de couleur neutre mais au relief int\u00e9ressant, des arbres en bois naturel, des animaux en raphia ou en laine feutr\u00e9e\u2026\u00a0<\/li>\n<\/ul>\n<p>\u00a0<\/p>\n<ul>\n<li><strong>De petits essentielles<\/strong><strong>\u00e0 mixer avec tout <\/strong>: des rondins de bois de plusieurs tailles et formes, des photophores en bois, micro vases aux tons neutres, bougeoirs sobres. Ils seront les liants polyvalents de toutes vos cr\u00e9ations. Tr\u00e8s importants pour \u00e9viter les achats inutiles.<\/li>\n<\/ul>\n<p>\u00a0<\/p>\n<h3>COLLECTER CE QUE LA NATURE ET LA VIE QUOTIDIENNE NOUS OFFRENT\u00a0:<\/h3>\n<p>Il est tr\u00e8s facile aux d\u00e9tours de promenades dans la nature, de se constituer une belle collection d\u2019indispensables pr\u00eats \u00e0 l\u2019emploi ou \u00e0 customiser gr\u00e2ce \u00e0 une bombe de peinture :<\/p>\n<p>Pommes de pins de toutes tailles, branche, liane de lierre, fleurs s\u00e9ch\u00e9es, galets, \u00e9corces de bois, mousses. Ces merveilles offertes par Dame Nature, viendront agr\u00e9menter toutes vos cr\u00e9ations, sans rien d\u00e9penser. Mais les pr\u00e9l\u00e8vements en milieux naturels doivent se faire en conscience, avec parcimonie et un respect constant de M\u00e8re Nature.<\/p>\n<p>Notre quotidien nous offre aussi quelques p\u00e9pites pr\u00eates \u00e0 \u00eatre transform\u00e9es \u00e0 tr\u00e8s peu de frais pour sublimer vos d\u00e9cors, telles que de jolies bouteilles de vin ou de rhum de toutes tailles et formes, des bocaux de conserves, un petit tiroir ancien, une jolie boite\u2026Vous en trouverez bien des exemples au fil de ces pages.<\/p>\n<p>\u00a0<\/p>\n<h3>REMIXER A L\u2019INFINI LES PIECES QUE VOUS AVEZ DEJA\u00a0:<\/h3>\n<p>Une fois \u00e9quip\u00e9 de bons basics aux couleurs sobres, vous pourrez les assembler et les re-mixer de fa\u00e7on diff\u00e9rente, \u00e0 l\u2019infini, d\u2019ann\u00e9e en ann\u00e9e.<\/p>\n<p>C\u2019est fondamental pour limiter les co\u00fbts et \u00e9viter la sur consommation. Je suis allergique \u00e0 la fast fashion et \u00e0 la fast d\u00e9co, qui sont un d\u00e9sastre \u00e9cologique. Je suis une adepte de consommer moins mais mieux.<\/p>\n<p>Investir dans des basics de haute qualit\u00e9 est mon premier mantra, vous ne vous en lasserez jamais\u00a0 et vous les retrouverez avec un infini plaisir \u00e0 chaque saison qui s\u2019y pr\u00eatera.<\/p>\n<p>Il vous suffira d\u2019ajouter des accessoires de style ou de couleur diff\u00e9rente pour cr\u00e9er un nouveau d\u00e9cor chaque ann\u00e9e.<\/p>\n<p>Certaines pi\u00e8ces, incroyablement \u00a0polyvalentes peuvent \u00eatre r\u00e9employ\u00e9es pour chaque d\u00e9coration saisonni\u00e8re, comme une base qui sert de fil conducteur toute l\u2019ann\u00e9e\u00a0: un vase, une jolie cage, des rondins de bois pr\u00eats \u00e0 \u00eatre d\u00e9gain\u00e9s pour chaque occasion\u2026<\/p>\n<p>\u00a0<\/p>\n<h3>POUR COMMENCER CONCENTREZ-VOUS SUR UN SEUL ENDROIT\u00a0:<\/h3>\n<p>Si vous d\u00e9butez, ne vous dispersez pas. IL vaut mieux concentrer ses efforts et son budget d\u00e9di\u00e9 sur un endroit en particulier (dessus de chemin\u00e9e, rebord de fen\u00eatre, dessus d\u2019une enfilade dans le s\u00e9jour ou d\u2019une commode dans l\u2019entr\u00e9e), plut\u00f4t que de disperser un peu partout de petits \u00e9l\u00e9ments \u00e0 th\u00e8me qui ne se remarqueront pas.<\/p>\n<p>Au fil du temps, vos caisses \u00e0 tr\u00e9sor vont se remplir de nouvelles trouvailles et vous pourrez d\u00e9corer progressivement d\u2019autres endroits, \u00e0 votre rythme.<\/p>\n<\/div><\/div>\n<\/div>\n<\/div>\n<\/div>","protected":false},"excerpt":{"rendered":"","protected":false},"author":1,"featured_media":0,"parent":0,"menu_order":0,"comment_status":"closed","ping_status":"closed","template":"","meta":{"footnotes":""},"class_list":["post-46","page","type-page","status-publish","hentry"],"_links":{"self":[{"href":"https:\/\/lapetitesauvageonne.fr\/index.php\/wp-json\/wp\/v2\/pages\/46","targetHints":{"allow":["GET"]}}],"collection":[{"href":"https:\/\/lapetitesauvageonne.fr\/index.php\/wp-json\/wp\/v2\/pages"}],"about":[{"href":"https:\/\/lapetitesauvageonne.fr\/index.php\/wp-json\/wp\/v2\/types\/page"}],"author":[{"embeddable":true,"href":"https:\/\/lapetitesauvageonne.fr\/index.php\/wp-json\/wp\/v2\/users\/1"}],"replies":[{"embeddable":true,"href":"https:\/\/lapetitesauvageonne.fr\/index.php\/wp-json\/wp\/v2\/comments?post=46"}],"version-history":[{"count":3,"href":"https:\/\/lapetitesauvageonne.fr\/index.php\/wp-json\/wp\/v2\/pages\/46\/revisions"}],"predecessor-version":[{"id":136,"href":"https:\/\/lapetitesauvageonne.fr\/index.php\/wp-json\/wp\/v2\/pages\/46\/revisions\/136"}],"wp:attachment":[{"href":"https:\/\/lapetitesauvageonne.fr\/index.php\/wp-json\/wp\/v2\/media?parent=46"}],"curies":[{"name":"wp","href":"https:\/\/api.w.org\/{rel}","templated":true}]}}